{"id":20,"date":"2022-08-18T11:24:40","date_gmt":"2022-08-18T11:24:40","guid":{"rendered":"https:\/\/eeradata-platform.eu\/wordpress\/?page_id=20"},"modified":"2023-05-05T11:08:39","modified_gmt":"2023-05-05T11:08:39","slug":"about","status":"publish","type":"page","link":"https:\/\/eeradata-platform.eu\/platform\/?page_id=20","title":{"rendered":"About EERAdata"},"content":{"rendered":"\t\t<div data-elementor-type=\"wp-page\" data-elementor-id=\"20\" class=\"elementor elementor-20\">\n\t\t\t\t\t\t\t\t\t<section class=\"elementor-section elementor-top-section elementor-element elementor-element-68567afb elementor-section-boxed elementor-section-height-default elementor-section-height-default\" data-id=\"68567afb\" data-element_type=\"section\">\n\t\t\t\t\t\t<div class=\"elementor-container elementor-column-gap-default\">\n\t\t\t\t\t<div class=\"elementor-column elementor-col-100 elementor-top-column elementor-element elementor-element-734cc916\" data-id=\"734cc916\" data-element_type=\"column\">\n\t\t\t<div class=\"elementor-widget-wrap elementor-element-populated\">\n\t\t\t\t\t\t\t\t<div class=\"elementor-element elementor-element-e925a5e elementor-widget elementor-widget-image\" data-id=\"e925a5e\" data-element_type=\"widget\" data-widget_type=\"image.default\">\n\t\t\t\t<div class=\"elementor-widget-container\">\n\t\t\t<style>\/*! elementor - v3.11.0 - 13-02-2023 *\/\n.elementor-widget-image{text-align:center}.elementor-widget-image a{display:inline-block}.elementor-widget-image a img[src$=\".svg\"]{width:48px}.elementor-widget-image img{vertical-align:middle;display:inline-block}<\/style>\t\t\t\t\t\t\t\t\t\t\t\t\t<a href=\"https:\/\/www.eeradata.eu\/\" target=\"_blank\">\n\t\t\t\t\t\t\t<img loading=\"lazy\" decoding=\"async\" width=\"300\" height=\"225\" src=\"https:\/\/eeradata-platform.eu\/platform\/wp-content\/uploads\/2022\/08\/EERAdata-logo_1585134768-1-300x225.png\" class=\"attachment-medium size-medium wp-image-766\" alt=\"\" srcset=\"https:\/\/eeradata-platform.eu\/platform\/wp-content\/uploads\/2022\/08\/EERAdata-logo_1585134768-1-300x225.png 300w, https:\/\/eeradata-platform.eu\/platform\/wp-content\/uploads\/2022\/08\/EERAdata-logo_1585134768-1.png 499w\" sizes=\"auto, (max-width: 300px) 100vw, 300px\" \/>\t\t\t\t\t\t\t\t<\/a>\n\t\t\t\t\t\t\t\t\t\t\t\t\t\t\t<\/div>\n\t\t\t\t<\/div>\n\t\t\t\t<div class=\"elementor-element elementor-element-4d13f82 elementor-widget elementor-widget-heading\" data-id=\"4d13f82\" data-element_type=\"widget\" data-widget_type=\"heading.default\">\n\t\t\t\t<div class=\"elementor-widget-container\">\n\t\t\t<style>\/*! elementor - v3.11.0 - 13-02-2023 *\/\n.elementor-heading-title{padding:0;margin:0;line-height:1}.elementor-widget-heading .elementor-heading-title[class*=elementor-size-]>a{color:inherit;font-size:inherit;line-height:inherit}.elementor-widget-heading .elementor-heading-title.elementor-size-small{font-size:15px}.elementor-widget-heading .elementor-heading-title.elementor-size-medium{font-size:19px}.elementor-widget-heading .elementor-heading-title.elementor-size-large{font-size:29px}.elementor-widget-heading .elementor-heading-title.elementor-size-xl{font-size:39px}.elementor-widget-heading .elementor-heading-title.elementor-size-xxl{font-size:59px}<\/style><h1 class=\"elementor-heading-title elementor-size-default\"><a href=\"https:\/\/www.eeradata.eu\/\">Towards a FAIR and open data ecosystem <br>in the low-carbon energy research community<\/a><\/h1>\t\t<\/div>\n\t\t\t\t<\/div>\n\t\t\t\t<div class=\"elementor-element elementor-element-ff7efd0 elementor-widget elementor-widget-text-editor\" data-id=\"ff7efd0\" data-element_type=\"widget\" data-widget_type=\"text-editor.default\">\n\t\t\t\t<div class=\"elementor-widget-container\">\n\t\t\t<style>\/*! elementor - v3.11.0 - 13-02-2023 *\/\n.elementor-widget-text-editor.elementor-drop-cap-view-stacked .elementor-drop-cap{background-color:#818a91;color:#fff}.elementor-widget-text-editor.elementor-drop-cap-view-framed .elementor-drop-cap{color:#818a91;border:3px solid;background-color:transparent}.elementor-widget-text-editor:not(.elementor-drop-cap-view-default) .elementor-drop-cap{margin-top:8px}.elementor-widget-text-editor:not(.elementor-drop-cap-view-default) .elementor-drop-cap-letter{width:1em;height:1em}.elementor-widget-text-editor .elementor-drop-cap{float:left;text-align:center;line-height:1;font-size:50px}.elementor-widget-text-editor .elementor-drop-cap-letter{display:inline-block}<\/style>\t\t\t\tEERAdata develops, explores, and tests a FAIR (findable, accessible, interoperable, re-usable) and Open Data ecosystem in the low-carbon energy field. Benefitting from the involvement of the <span style=\"text-decoration: underline;\"><span style=\"color: #07516f;\"><a style=\"color: #07516f; text-decoration: underline;\" href=\"https:\/\/www.eera-set.eu\/\" target=\"_blank\" rel=\"noopener\">European Energy Research Alliance (EERA)<\/a><\/span><\/span>, EERAdata fosters broad community involvement in four <span style=\"text-decoration: underline;\"><span style=\"color: #07516f;\"><a style=\"color: #07516f; text-decoration: underline;\" href=\"https:\/\/eeradata-platform.eu\/wordpress\/?page_id=21\">Use Cases<\/a><\/span><\/span>. It establishes a pool of experts and data stewards to facilitate a mental shift towards FAIR and open data practices. EERAdata also implements an open platform for seamless access to energy data as well as services and tools to inprove on the FAIR status of existing and new energy research data.\n\nEERAdata is a Coordination and Support Action (CSA) implemented from 03\/2020 to 02\/2023 under the EU\u00b4s Horizon 2020 programme. The European Commission has funded EERAdata with \u20ac1m, under <span style=\"color: #07516f;\"><a style=\"color: #07516f;\" href=\"https:\/\/cordis.europa.eu\/project\/id\/883823\" target=\"_blank\" rel=\"noopener\"><span style=\"text-decoration: underline;\">Grant Agreement no. 883823<\/span><\/a>.<\/span>\t\t\t\t\t\t<\/div>\n\t\t\t\t<\/div>\n\t\t\t\t<div class=\"elementor-element elementor-element-88ee6b6 elementor-widget elementor-widget-heading\" data-id=\"88ee6b6\" data-element_type=\"widget\" data-widget_type=\"heading.default\">\n\t\t\t\t<div class=\"elementor-widget-container\">\n\t\t\t<h3 class=\"elementor-heading-title elementor-size-xl\">Project objectives<\/h3>\t\t<\/div>\n\t\t\t\t<\/div>\n\t\t\t\t<div class=\"elementor-element elementor-element-414226f elementor-widget elementor-widget-text-editor\" data-id=\"414226f\" data-element_type=\"widget\" data-widget_type=\"text-editor.default\">\n\t\t\t\t<div class=\"elementor-widget-container\">\n\t\t\t\t\t\t\t<ol><li>To promote the opening and FAIRification of low carbon energy research databases<\/li><li>To develop a community platform as an entry point for both, providers of energy data and users of energy data<\/li><li>To build technical, operational and financial capacities for the management of FAIR and open data in and with the low carbon energy research community<\/li><li>To coordinate the management of data in the energy field in EERA and beyond by fostering initiatives in industrial and scientific communities in the frame of EOSC<\/li><\/ol>\t\t\t\t\t\t<\/div>\n\t\t\t\t<\/div>\n\t\t\t\t<div class=\"elementor-element elementor-element-2a38b4e elementor-widget elementor-widget-heading\" data-id=\"2a38b4e\" data-element_type=\"widget\" data-widget_type=\"heading.default\">\n\t\t\t\t<div class=\"elementor-widget-container\">\n\t\t\t<h3 class=\"elementor-heading-title elementor-size-xl\">Recommendations<\/h3>\t\t<\/div>\n\t\t\t\t<\/div>\n\t\t\t\t<section class=\"elementor-section elementor-inner-section elementor-element elementor-element-8a3943c elementor-section-boxed elementor-section-height-default elementor-section-height-default\" data-id=\"8a3943c\" data-element_type=\"section\">\n\t\t\t\t\t\t<div class=\"elementor-container elementor-column-gap-default\">\n\t\t\t\t\t<div class=\"elementor-column elementor-col-50 elementor-inner-column elementor-element elementor-element-1ac9954\" data-id=\"1ac9954\" data-element_type=\"column\">\n\t\t\t<div class=\"elementor-widget-wrap elementor-element-populated\">\n\t\t\t\t\t\t\t\t<div class=\"elementor-element elementor-element-76f6fd4 elementor-widget elementor-widget-image\" data-id=\"76f6fd4\" data-element_type=\"widget\" data-widget_type=\"image.default\">\n\t\t\t\t<div class=\"elementor-widget-container\">\n\t\t\t\t\t\t\t\t\t\t\t\t\t\t\t\t<a href=\"https:\/\/eeradata-platform.eu\/wordpress\/?page_id=5447\">\n\t\t\t\t\t\t\t<img loading=\"lazy\" decoding=\"async\" width=\"580\" height=\"325\" src=\"https:\/\/eeradata-platform.eu\/platform\/wp-content\/uploads\/2023\/05\/RECOMM_1-1024x573.jpg\" class=\"attachment-large size-large wp-image-5818\" alt=\"\" srcset=\"https:\/\/eeradata-platform.eu\/platform\/wp-content\/uploads\/2023\/05\/RECOMM_1-1024x573.jpg 1024w, https:\/\/eeradata-platform.eu\/platform\/wp-content\/uploads\/2023\/05\/RECOMM_1-300x168.jpg 300w, https:\/\/eeradata-platform.eu\/platform\/wp-content\/uploads\/2023\/05\/RECOMM_1-768x429.jpg 768w, https:\/\/eeradata-platform.eu\/platform\/wp-content\/uploads\/2023\/05\/RECOMM_1-1536x859.jpg 1536w, https:\/\/eeradata-platform.eu\/platform\/wp-content\/uploads\/2023\/05\/RECOMM_1-1200x671.jpg 1200w, https:\/\/eeradata-platform.eu\/platform\/wp-content\/uploads\/2023\/05\/RECOMM_1.jpg 1910w\" sizes=\"auto, (max-width: 580px) 100vw, 580px\" \/>\t\t\t\t\t\t\t\t<\/a>\n\t\t\t\t\t\t\t\t\t\t\t\t\t\t\t<\/div>\n\t\t\t\t<\/div>\n\t\t\t\t\t<\/div>\n\t\t<\/div>\n\t\t\t\t<div class=\"elementor-column elementor-col-50 elementor-inner-column elementor-element elementor-element-66dbabe\" data-id=\"66dbabe\" data-element_type=\"column\">\n\t\t\t<div class=\"elementor-widget-wrap elementor-element-populated\">\n\t\t\t\t\t\t\t\t<div class=\"elementor-element elementor-element-06cf3df elementor-widget elementor-widget-image\" data-id=\"06cf3df\" data-element_type=\"widget\" data-widget_type=\"image.default\">\n\t\t\t\t<div class=\"elementor-widget-container\">\n\t\t\t\t\t\t\t\t\t\t\t\t\t\t\t\t<a href=\"https:\/\/eeradata-platform.eu\/wordpress\/?page_id=5447\">\n\t\t\t\t\t\t\t<img loading=\"lazy\" decoding=\"async\" width=\"580\" height=\"325\" src=\"https:\/\/eeradata-platform.eu\/platform\/wp-content\/uploads\/2023\/05\/RECOMM_2-1024x574.jpg\" class=\"attachment-large size-large wp-image-5819\" alt=\"\" srcset=\"https:\/\/eeradata-platform.eu\/platform\/wp-content\/uploads\/2023\/05\/RECOMM_2-1024x574.jpg 1024w, https:\/\/eeradata-platform.eu\/platform\/wp-content\/uploads\/2023\/05\/RECOMM_2-300x168.jpg 300w, https:\/\/eeradata-platform.eu\/platform\/wp-content\/uploads\/2023\/05\/RECOMM_2-768x431.jpg 768w, https:\/\/eeradata-platform.eu\/platform\/wp-content\/uploads\/2023\/05\/RECOMM_2-1536x862.jpg 1536w, https:\/\/eeradata-platform.eu\/platform\/wp-content\/uploads\/2023\/05\/RECOMM_2-1200x673.jpg 1200w, https:\/\/eeradata-platform.eu\/platform\/wp-content\/uploads\/2023\/05\/RECOMM_2.jpg 1913w\" sizes=\"auto, (max-width: 580px) 100vw, 580px\" \/>\t\t\t\t\t\t\t\t<\/a>\n\t\t\t\t\t\t\t\t\t\t\t\t\t\t\t<\/div>\n\t\t\t\t<\/div>\n\t\t\t\t\t<\/div>\n\t\t<\/div>\n\t\t\t\t\t\t\t<\/div>\n\t\t<\/section>\n\t\t\t\t<div class=\"elementor-element elementor-element-21267a7 elementor-widget elementor-widget-heading\" data-id=\"21267a7\" data-element_type=\"widget\" data-widget_type=\"heading.default\">\n\t\t\t\t<div class=\"elementor-widget-container\">\n\t\t\t<h3 class=\"elementor-heading-title elementor-size-xl\">Results<\/h3>\t\t<\/div>\n\t\t\t\t<\/div>\n\t\t\t\t<div class=\"elementor-element elementor-element-34dcfba elementor-widget elementor-widget-accordion\" data-id=\"34dcfba\" data-element_type=\"widget\" data-widget_type=\"accordion.default\">\n\t\t\t\t<div class=\"elementor-widget-container\">\n\t\t\t<style>\/*! elementor - v3.11.0 - 13-02-2023 *\/\n.elementor-accordion{text-align:left}.elementor-accordion .elementor-accordion-item{border:1px solid #d4d4d4}.elementor-accordion .elementor-accordion-item+.elementor-accordion-item{border-top:none}.elementor-accordion .elementor-tab-title{margin:0;padding:15px 20px;font-weight:700;line-height:1;cursor:pointer;outline:none}.elementor-accordion .elementor-tab-title .elementor-accordion-icon{display:inline-block;width:1.5em}.elementor-accordion .elementor-tab-title .elementor-accordion-icon svg{width:1em;height:1em}.elementor-accordion .elementor-tab-title .elementor-accordion-icon.elementor-accordion-icon-right{float:right;text-align:right}.elementor-accordion .elementor-tab-title .elementor-accordion-icon.elementor-accordion-icon-left{float:left;text-align:left}.elementor-accordion .elementor-tab-title .elementor-accordion-icon .elementor-accordion-icon-closed{display:block}.elementor-accordion .elementor-tab-title .elementor-accordion-icon .elementor-accordion-icon-opened,.elementor-accordion .elementor-tab-title.elementor-active .elementor-accordion-icon-closed{display:none}.elementor-accordion .elementor-tab-title.elementor-active .elementor-accordion-icon-opened{display:block}.elementor-accordion .elementor-tab-content{display:none;padding:15px 20px;border-top:1px solid #d4d4d4}@media (max-width:767px){.elementor-accordion .elementor-tab-title{padding:12px 15px}.elementor-accordion .elementor-tab-title .elementor-accordion-icon{width:1.2em}.elementor-accordion .elementor-tab-content{padding:7px 15px}}.e-con-inner>.elementor-widget-accordion,.e-con>.elementor-widget-accordion{width:var(--container-widget-width);--flex-grow:var(--container-widget-flex-grow)}<\/style>\t\t<div class=\"elementor-accordion\" role=\"tablist\">\n\t\t\t\t\t\t\t<div class=\"elementor-accordion-item\">\n\t\t\t\t\t<div id=\"elementor-tab-title-5541\" class=\"elementor-tab-title\" data-tab=\"1\" role=\"tab\" aria-controls=\"elementor-tab-content-5541\" aria-expanded=\"false\">\n\t\t\t\t\t\t\t\t\t\t\t\t\t<span class=\"elementor-accordion-icon elementor-accordion-icon-left\" aria-hidden=\"true\">\n\t\t\t\t\t\t\t\t\t\t\t\t\t\t\t<span class=\"elementor-accordion-icon-closed\"><i class=\"fas fa-angle-double-down\"><\/i><\/span>\n\t\t\t\t\t\t\t\t<span class=\"elementor-accordion-icon-opened\"><i class=\"fas fa-minus\"><\/i><\/span>\n\t\t\t\t\t\t\t\t\t\t\t\t\t\t<\/span>\n\t\t\t\t\t\t\t\t\t\t\t\t<a class=\"elementor-accordion-title\" href=\"\">Key exploitable results<\/a>\n\t\t\t\t\t<\/div>\n\t\t\t\t\t<div id=\"elementor-tab-content-5541\" class=\"elementor-tab-content elementor-clearfix\" data-tab=\"1\" role=\"tabpanel\" aria-labelledby=\"elementor-tab-title-5541\"><ul><li>KER 1:\u00a0<span style=\"text-decoration: underline;\"><a href=\"https:\/\/eeradata-platform.eu\/platform\/\">EERAdata platform and knowledge base<\/a><\/span><\/li><li>KER 2:\u00a0<span style=\"text-decoration: underline;\"><a href=\"https:\/\/eeradata-platform.eu\/wiki\/index.php?title=TrainingMaterialWithWorkflow\">Training material compiled from external sources<\/a><\/span>\u00a0&amp;\u00a0<span style=\"text-decoration: underline;\"><a href=\"https:\/\/eeradata-platform.eu\/platform\/\">EERAdata platform and knowledge base<\/a><\/span><\/li><li>KER 3:\u00a0<span style=\"text-decoration: underline;\"><a href=\"https:\/\/eeradata-platform.eu\/wiki\/index.php?title=DMP_template\">Template for FAIR and Open Data Management Plan (DMP)<\/a><\/span><\/li><li>KER 4: <span style=\"text-decoration: underline;\"><a href=\"https:\/\/eeradata-platform.eu\/wordpress\/?page_id=21\">Use case insights and methods<\/a><\/span><\/li><li>KER 5: FAIR and Open data business models exploration<\/li><li>KER 6: Thinking beyond the EERAdata project &#8211; The future of FAIR and open energy research data (D2.4)<\/li><li>KER 7:\u00a0<span style=\"text-decoration: underline;\"><a href=\"https:\/\/eeradata-platform.eu\/wiki\/index.php?title=Analysis_of_gaps_and_barriers\">Analysis of gaps<\/a><\/span>\u00a0&amp; Research &amp; policy recommendations (D2.3)<\/li><li>KER 8: Trained FAIR data stewards (see speakers in workshops and links to project partners)<\/li><\/ul><\/div>\n\t\t\t\t<\/div>\n\t\t\t\t\t\t\t<div class=\"elementor-accordion-item\">\n\t\t\t\t\t<div id=\"elementor-tab-title-5542\" class=\"elementor-tab-title\" data-tab=\"2\" role=\"tab\" aria-controls=\"elementor-tab-content-5542\" aria-expanded=\"false\">\n\t\t\t\t\t\t\t\t\t\t\t\t\t<span class=\"elementor-accordion-icon elementor-accordion-icon-left\" aria-hidden=\"true\">\n\t\t\t\t\t\t\t\t\t\t\t\t\t\t\t<span class=\"elementor-accordion-icon-closed\"><i class=\"fas fa-angle-double-down\"><\/i><\/span>\n\t\t\t\t\t\t\t\t<span class=\"elementor-accordion-icon-opened\"><i class=\"fas fa-minus\"><\/i><\/span>\n\t\t\t\t\t\t\t\t\t\t\t\t\t\t<\/span>\n\t\t\t\t\t\t\t\t\t\t\t\t<a class=\"elementor-accordion-title\" href=\"\">Peer-reviewed publications<\/a>\n\t\t\t\t\t<\/div>\n\t\t\t\t\t<div id=\"elementor-tab-content-5542\" class=\"elementor-tab-content elementor-clearfix\" data-tab=\"2\" role=\"tabpanel\" aria-labelledby=\"elementor-tab-title-5542\"><ul><li>Wierling A, Schwanitz VJ, Altinci S, Ba\u0142azi\u0144ska M, Barber MJ, Biresselioglu ME, Burger-Scheidlin C, Celino M, Demir MH, Dennis R, Dintzner N, el Gammal A, Fern\u00e1ndez-Peruchena CM, Gilcrease W, G\u0142adysz P, Hoyer-Klick C, Joshi K, Kruczek M, Lacroix D, Markowska M, Mayo-Garc\u00eda R, Morrison R, Paier M, Peronato G, Ramakrishnan M, Reid J, Sciullo A, Solak B, Suna D, S\u00fc\u00df W, Unger A, Fernandez Vanoni ML, Vasiljevic N. FAIR Metadata Standards for Low Carbon Energy Research\u2014A Review of Practices and How to Advance. Energies. 2021; 14(20): 6692.\u00a0<a class=\"external free\" href=\"https:\/\/doi.org\/10.3390\/en14206692\" rel=\"nofollow\">https:\/\/doi.org\/10.3390\/en14206692<\/a><\/li><li>Schwanitz VJ, Wierling A, Biresselioglu ME, Celino M, Demir MH, Ba\u0142azi\u0144ska M, Kruczek M, Paier M, Suna D. Current state and call for action to accomplish findability, accessibility, interoperability, and reusability of low carbon energy data. Sci Rep 12, 5208 (2022). <a class=\"external free\" href=\"https:\/\/doi.org\/10.1038\/s41598-022-08774-0\" rel=\"nofollow\">https:\/\/doi.org\/10.1038\/s41598-022-08774-0<\/a><\/li><li>Arghandeh Paudler HJ, Schwanitz VJ and Wierling A. Realizing a human-centered digitalization of the energy sector [version 1; peer review: 1 approved]. Open Res Europe 2022, 2:140.\u00a0<a class=\"external free\" href=\"https:\/\/doi.org\/10.12688\/openreseurope.15129.1\" rel=\"nofollow\">https:\/\/doi.org\/10.12688\/openreseurope.15129.1<\/a><\/li><li>Wierling A and Schwanitz VJ. Implementing the FAIR data principles for a European database on citizen-led energy projects. In prep.<\/li><li>Schwanitz VJ, Arghandeh Paudler HJ. Harvesting the value of data &amp; Harvesting the value of low carbon energy research data. In prep.<\/li><\/ul><\/div>\n\t\t\t\t<\/div>\n\t\t\t\t\t\t\t<div class=\"elementor-accordion-item\">\n\t\t\t\t\t<div id=\"elementor-tab-title-5543\" class=\"elementor-tab-title\" data-tab=\"3\" role=\"tab\" aria-controls=\"elementor-tab-content-5543\" aria-expanded=\"false\">\n\t\t\t\t\t\t\t\t\t\t\t\t\t<span class=\"elementor-accordion-icon elementor-accordion-icon-left\" aria-hidden=\"true\">\n\t\t\t\t\t\t\t\t\t\t\t\t\t\t\t<span class=\"elementor-accordion-icon-closed\"><i class=\"fas fa-angle-double-down\"><\/i><\/span>\n\t\t\t\t\t\t\t\t<span class=\"elementor-accordion-icon-opened\"><i class=\"fas fa-minus\"><\/i><\/span>\n\t\t\t\t\t\t\t\t\t\t\t\t\t\t<\/span>\n\t\t\t\t\t\t\t\t\t\t\t\t<a class=\"elementor-accordion-title\" href=\"\">Policy briefs<\/a>\n\t\t\t\t\t<\/div>\n\t\t\t\t\t<div id=\"elementor-tab-content-5543\" class=\"elementor-tab-content elementor-clearfix\" data-tab=\"3\" role=\"tabpanel\" aria-labelledby=\"elementor-tab-title-5543\"><p><a href=\"https:\/\/eeradata-platform.eu\/wiki\/images\/6\/65\/EERAdata_policy_brief_-_Human-centred_digitalisation.pdf\"><img loading=\"lazy\" decoding=\"async\" class=\"alignnone size-medium wp-image-5237\" src=\"https:\/\/eeradata-platform.eu\/wordpress\/wp-content\/uploads\/2023\/02\/PolicyBrief_2-209x300.gif\" alt=\"\" width=\"209\" height=\"300\" \/><\/a><\/p><p><b><a href=\"https:\/\/eeradata-platform.eu\/wiki\/images\/0\/09\/EERAdata_policy_brief_-_Harvesting_the_value_of_low_carbon_energy_research_data.pdf\"><b><br \/><\/b><\/a><b><a href=\"https:\/\/eeradata-platform.eu\/wiki\/images\/0\/09\/EERAdata_policy_brief_-_Harvesting_the_value_of_low_carbon_energy_research_data.pdf\"><img loading=\"lazy\" decoding=\"async\" class=\"alignnone size-medium wp-image-5239\" src=\"https:\/\/eeradata-platform.eu\/wordpress\/wp-content\/uploads\/2023\/02\/PolicyBrief_2-1-210x300.gif\" alt=\"\" width=\"210\" height=\"300\" \/><\/a><\/b><br \/><\/b><\/p><\/div>\n\t\t\t\t<\/div>\n\t\t\t\t\t\t\t<div class=\"elementor-accordion-item\">\n\t\t\t\t\t<div id=\"elementor-tab-title-5544\" class=\"elementor-tab-title\" data-tab=\"4\" role=\"tab\" aria-controls=\"elementor-tab-content-5544\" aria-expanded=\"false\">\n\t\t\t\t\t\t\t\t\t\t\t\t\t<span class=\"elementor-accordion-icon elementor-accordion-icon-left\" aria-hidden=\"true\">\n\t\t\t\t\t\t\t\t\t\t\t\t\t\t\t<span class=\"elementor-accordion-icon-closed\"><i class=\"fas fa-angle-double-down\"><\/i><\/span>\n\t\t\t\t\t\t\t\t<span class=\"elementor-accordion-icon-opened\"><i class=\"fas fa-minus\"><\/i><\/span>\n\t\t\t\t\t\t\t\t\t\t\t\t\t\t<\/span>\n\t\t\t\t\t\t\t\t\t\t\t\t<a class=\"elementor-accordion-title\" href=\"\">Use Cases<\/a>\n\t\t\t\t\t<\/div>\n\t\t\t\t\t<div id=\"elementor-tab-content-5544\" class=\"elementor-tab-content elementor-clearfix\" data-tab=\"4\" role=\"tabpanel\" aria-labelledby=\"elementor-tab-title-5544\"><p><a href=\"https:\/\/eeradata-platform.eu\/wordpress\/?page_id=21\"><span style=\"color: #07516f; text-decoration: underline;\"><strong>Overview<\/strong><\/span><\/a><strong>\u00a0<\/strong><\/p><ul><li><a href=\"https:\/\/eeradata-platform.eu\/wiki\/index.php?title=UC1_Buildings_efficiency\" target=\"_blank\" rel=\"noopener\"><span style=\"color: #07516f; text-decoration: underline;\">UC1 Buildings efficiency (EERAdata Wiki)<\/span><\/a><\/li><li><a href=\"https:\/\/eeradata-platform.eu\/wiki\/index.php?title=UC2_Energy_communities_%26_energy_markets\" target=\"_blank\" rel=\"noopener\"><span style=\"color: #07516f; text-decoration: underline;\">UC2 Energy communities &amp; energy markets (EERAdata Wiki)<\/span><\/a><\/li><li><a href=\"https:\/\/eeradata-platform.eu\/wiki\/index.php?title=UC3_Material_solutions_for_low_carbon_energy\" target=\"_blank\" rel=\"noopener\"><span style=\"color: #07516f; text-decoration: underline;\">UC3 Materials solutions for low-carbon energy (EERAdata Wiki)<\/span><\/a><\/li><li><a href=\"https:\/\/eeradata-platform.eu\/wiki\/index.php?title=UC4_Low_carbon_energy_and_energy_efficiency_policies\" target=\"_blank\" rel=\"noopener\"><span style=\"color: #07516f; text-decoration: underline;\">UC4 Low-carbon energy and energy efficiency policies (EERAdata Wiki)<\/span><\/a><\/li><\/ul><\/div>\n\t\t\t\t<\/div>\n\t\t\t\t\t\t\t\t<\/div>\n\t\t\t\t<\/div>\n\t\t\t\t<\/div>\n\t\t\t\t<div class=\"elementor-element elementor-element-992a9b9 elementor-align-center elementor-widget elementor-widget-button\" data-id=\"992a9b9\" data-element_type=\"widget\" data-widget_type=\"button.default\">\n\t\t\t\t<div class=\"elementor-widget-container\">\n\t\t\t\t\t<div class=\"elementor-button-wrapper\">\n\t\t\t<a href=\"https:\/\/www.eeradata.eu\/\" target=\"_blank\" class=\"elementor-button-link elementor-button elementor-size-lg\" role=\"button\">\n\t\t\t\t\t\t<span class=\"elementor-button-content-wrapper\">\n\t\t\t\t\t\t<span class=\"elementor-button-text\">Visit the EERAdata project website<\/span>\n\t\t<\/span>\n\t\t\t\t\t<\/a>\n\t\t<\/div>\n\t\t\t\t<\/div>\n\t\t\t\t<\/div>\n\t\t\t\t\t<\/div>\n\t\t<\/div>\n\t\t\t\t\t\t\t<\/div>\n\t\t<\/section>\n\t\t\t\t\t\t\t<\/div>\n\t\t","protected":false},"excerpt":{"rendered":"<p>Towards a FAIR and open data ecosystem in the low-carbon energy research community EERAdata develops, explores, and tests a FAIR (findable, accessible, interoperable, re-usable) and Open Data ecosystem in the low-carbon energy field. Benefitting from the involvement of the European Energy Research Alliance (EERA), EERAdata fosters broad community involvement in four Use Cases. It establishes [&hellip;]<\/p>\n","protected":false},"author":1,"featured_media":0,"parent":0,"menu_order":1,"comment_status":"closed","ping_status":"closed","template":"","meta":{"footnotes":""},"class_list":["post-20","page","type-page","status-publish","hentry"],"_links":{"self":[{"href":"https:\/\/eeradata-platform.eu\/platform\/index.php?rest_route=\/wp\/v2\/pages\/20","targetHints":{"allow":["GET"]}}],"collection":[{"href":"https:\/\/eeradata-platform.eu\/platform\/index.php?rest_route=\/wp\/v2\/pages"}],"about":[{"href":"https:\/\/eeradata-platform.eu\/platform\/index.php?rest_route=\/wp\/v2\/types\/page"}],"author":[{"embeddable":true,"href":"https:\/\/eeradata-platform.eu\/platform\/index.php?rest_route=\/wp\/v2\/users\/1"}],"replies":[{"embeddable":true,"href":"https:\/\/eeradata-platform.eu\/platform\/index.php?rest_route=%2Fwp%2Fv2%2Fcomments&post=20"}],"version-history":[{"count":312,"href":"https:\/\/eeradata-platform.eu\/platform\/index.php?rest_route=\/wp\/v2\/pages\/20\/revisions"}],"predecessor-version":[{"id":5837,"href":"https:\/\/eeradata-platform.eu\/platform\/index.php?rest_route=\/wp\/v2\/pages\/20\/revisions\/5837"}],"wp:attachment":[{"href":"https:\/\/eeradata-platform.eu\/platform\/index.php?rest_route=%2Fwp%2Fv2%2Fmedia&parent=20"}],"curies":[{"name":"wp","href":"https:\/\/api.w.org\/{rel}","templated":true}]}}